{"id":6814,"date":"2022-06-10T15:08:57","date_gmt":"2022-06-10T12:08:57","guid":{"rendered":"https:\/\/www.isikucar.av.tr\/en\/home-2\/intellectual-and-industrial-property-law\/"},"modified":"2025-04-25T15:58:39","modified_gmt":"2025-04-25T12:58:39","slug":"intellectual-and-industrial-property-law","status":"publish","type":"page","link":"https:\/\/www.isikucar.av.tr\/en\/intellectual-and-industrial-property-law\/","title":{"rendered":"Intellectual and Industrial Property Law"},"content":{"rendered":"\t\t<div data-elementor-type=\"wp-page\" data-elementor-id=\"6814\" class=\"elementor elementor-6814\">\n\t\t\t\t\t\t<section class=\"elementor-section elementor-top-section elementor-element elementor-element-7bceade6 elementor-reverse-tablet elementor-reverse-mobile elementor-section-boxed elementor-section-height-default elementor-section-height-default\" data-id=\"7bceade6\" data-element_type=\"section\">\n\t\t\t\t\t\t<div class=\"elementor-container elementor-column-gap-default\">\n\t\t\t\t\t<div class=\"lqd-css-sticky-column elementor-column elementor-col-50 elementor-top-column elementor-element elementor-element-197529d\" style=\"--lqd-sticky-offset:30px\" data-id=\"197529d\" data-element_type=\"column\">\n\t\t\t<div class=\"elementor-widget-wrap elementor-element-populated\">\n\t\t\t\t\t\t<div class=\"elementor-element elementor-element-4d4cce9 elementor-widget elementor-widget-ld_custom_menu\" data-id=\"4d4cce9\" data-element_type=\"widget\" data-widget_type=\"ld_custom_menu.default\">\n\t\t\t\t<div class=\"elementor-widget-container\">\n\t\t\t\n\t\t\t<div  \n\t\t\t\tclass=\"lqd-fancy-menu lqd-custom-menu pos-rel menu-items-has-fill lqd-menu-td-none lqd-custom-menu-mobile-collapsible\"\n\t\t\t\t\t\t\t>\n\t\t\t\t\t\t<span class=\"lqd-custom-menu-dropdown-btn d-flex align-items-center is-active\" data-target=\"#4d4cce9\" data-toggle=\"collapse\" data-ld-toggle=\"true\" data-toggle-options='{ \"closeOnOutsideClick\": {\"ifNotIn\": \"#lqd-site-content\"} }'>\n\n\t\t\t\t\t\t\t\t<span class=\"d-inline-flex me-3\">\n\t\t\t\t\t<i aria-hidden=\"true\" class=\"fa fa-bars\"><\/i>\t\t\t\t<\/span>\n\t\t\t\t\t\t\t\t\n\t\t\t\t\t\t\t\t\t<span class=\"toggle-label\">\n\t\t\t\t\t\t\t\t\t\t\t\t\tPractice Areas\t\t\t\t\t\t\t\t\t\t\t<\/span>\n\t\t\t\t\n\t\t\t\t<span class=\"expander-icon ms-auto d-inline-flex\">\n\t\t\t\t\t<i class=\"lqd-icn-ess icon-ion-ios-arrow-down\"><\/i>\n\t\t\t\t<\/span>\n\t\t\t<\/span>\n\t\t\t\n\t\t\t\t\t\t<ul id=\"4d4cce9\" class=\"reset-ul  in is-active collapse lqd-custom-menu-dropdown w-100\" ><li id=\"menu-item-7034\" class=\"menu-item menu-item-type-post_type menu-item-object-page menu-item-7034\"><a href=\"https:\/\/www.isikucar.av.tr\/en\/labour-and-social-security-law\/\">Labour and Social Security Law<\/a><\/li>\n<li id=\"menu-item-7033\" class=\"menu-item menu-item-type-post_type menu-item-object-page menu-item-7033\"><a href=\"https:\/\/www.isikucar.av.tr\/en\/personal-data-protection-law\/\">Personal Data Protection Law<\/a><\/li>\n<li id=\"menu-item-7032\" class=\"menu-item menu-item-type-post_type menu-item-object-page menu-item-7032\"><a href=\"https:\/\/www.isikucar.av.tr\/en\/corporate-and-commercial-law\/\">Corporate and Commercial Law<\/a><\/li>\n<li id=\"menu-item-7039\" class=\"menu-item menu-item-type-post_type menu-item-object-page menu-item-7039\"><a href=\"https:\/\/www.isikucar.av.tr\/en\/contract-law\/\">Contract Law<\/a><\/li>\n<li id=\"menu-item-7031\" class=\"menu-item menu-item-type-post_type menu-item-object-page menu-item-7031\"><a href=\"https:\/\/www.isikucar.av.tr\/en\/insurance-and-compensation-law\/\">Insurance and Compensation Law<\/a><\/li>\n<li id=\"menu-item-7037\" class=\"menu-item menu-item-type-post_type menu-item-object-page menu-item-7037\"><a href=\"https:\/\/www.isikucar.av.tr\/en\/intellectual-and-industrial-property-law\/\">Intellectual and Industrial Property Law<\/a><\/li>\n<li id=\"menu-item-7040\" class=\"menu-item menu-item-type-post_type menu-item-object-page menu-item-7040\"><a href=\"https:\/\/www.isikucar.av.tr\/en\/real-estate-law\/\">Real Estate Law<\/a><\/li>\n<li id=\"menu-item-7036\" class=\"menu-item menu-item-type-post_type menu-item-object-page menu-item-7036\"><a href=\"https:\/\/www.isikucar.av.tr\/en\/enforcement-and-bankruptcy-law\/\">Enforcement and Bankruptcy Law<\/a><\/li>\n<li id=\"menu-item-7038\" class=\"menu-item menu-item-type-post_type menu-item-object-page menu-item-7038\"><a href=\"https:\/\/www.isikucar.av.tr\/en\/criminal-law\/\">Criminal Law<\/a><\/li>\n<li id=\"menu-item-7035\" class=\"menu-item menu-item-type-post_type menu-item-object-page menu-item-7035\"><a href=\"https:\/\/www.isikucar.av.tr\/en\/incentive-legislation\/\">Incentive Legislation<\/a><\/li>\n<\/ul>\t\t\t\t\t\t<\/div>\n\t\t\t\t<\/div>\n\t\t\t\t<\/div>\n\t\t\t\t<div class=\"elementor-element elementor-element-5810ee14 elementor-align-left elementor-widget elementor-widget-ld_icon_box\" data-id=\"5810ee14\" data-element_type=\"widget\" data-widget_type=\"ld_icon_box.default\">\n\t\t\t\t<div class=\"elementor-widget-container\">\n\t\t\t\n\t\t\t<div id=\"ld_icon_box_5810ee14\" class=\"iconbox d-flex flex-grow-1 pos-rel align-items-center iconbox-side iconbox-icon-shaped iconbox-circle\"   >\n\t\t\t\t\n\t\t\t\t\t\n\t\t\t\t\n\t\t\t\t<div class=\"iconbox-icon-wrap  \"><div class=\"iconbox-icon-container d-inline-flex pos-rel z-index-1 border-radius-circle\"><i aria-hidden=\"true\" class=\"fas fa-phone-alt\"><\/i><\/div><\/div>\t\t\t\t\n\t\t\t\t\t\t\t\t\n\t\t\t\t<div class=\"contents \">\t\t\t\t\n\t\t\t\t\t\t\t\t\n\t\t\t\t<h3 class=\"lqd-iconbox-heading\" >Phone: <\/h3>\t\t\t\t<p class=\"lqd-iconbox-content\"><span style=\"font-size: 20px;color: #292929\">+90 544 304 6590<\/span><\/p>\n\t\t\t\t\t\t\t\t\n\t\t\t\t<\/div>\t\t\t\t\n\t\t\t\t<a href=\"tel: +90 544 304 6590\" class=\"lqd-overlay z-index-2\" target=\"_blank&quot;\" rel=\"nofollow\"><\/a>\n\t\t\t<\/div>\n\n\t\t\t\t<\/div>\n\t\t\t\t<\/div>\n\t\t\t\t\t<\/div>\n\t\t<\/div>\n\t\t\t\t<div class=\"elementor-column elementor-col-50 elementor-top-column elementor-element elementor-element-19083ca2\" data-id=\"19083ca2\" data-element_type=\"column\">\n\t\t\t<div class=\"elementor-widget-wrap elementor-element-populated\">\n\t\t\t\t\t\t<div class=\"elementor-element elementor-element-171619da elementor-widget elementor-widget-ld_content_box\" data-id=\"171619da\" data-element_type=\"widget\" data-widget_type=\"ld_content_box.default\">\n\t\t\t\t<div class=\"elementor-widget-container\">\n\t\t\t \n\n\t\t<div class=\"lqd-fb pos-rel lqd-fb-style-1 lqd-fb-style-1-3 lqd-fb-content-overlay lqd-fb-zoom-img-onhover transform-style-3d perspective h-pt-60\"  data-inview=\"true\"  data-hover3d=\"true\" >\n\t\t\t\t\t<div class=\"lqd-fb-inner lqd-overlay transform-style-3d\" data-stacking-factor=\"1.15\">\n\n\t\t\t\t<div class=\"lqd-fb-img lqd-overlay border-radius-4 overflow-hidden\">\n\n\t\t\t\t\t<figure class=\"w-100 h-100\">\n\t\t\t\t\t\t<img decoding=\"async\" class=\"w-100 h-100 objfit-cover objpos-center\" src=\"https:\/\/www.isikucar.av.tr\/en\/wp-content\/uploads\/2022\/12\/fikri.jpg\">\t\t\t\t\t\t<div class=\"lqd-fb-bg lqd-overlay\"><\/div>\n\t\t\t\t\t\t<div class=\"lqd-fb-hover-overlay lqd-overlay\"><\/div>\n\t\t\t\t\t<\/figure>\n\n\t\t\t\t<\/div>\n\n\t\t\t\t<div class=\"lqd-fb-content lqd-overlay d-flex align-items-end border-radius-4 overflow-hidden\">\n\t\t\t\t\t<div class=\"lqd-fb-content-inner d-flex flex-column justify-content-between pos-rel h-100 w-100 p-4\">\n\t\t\t\t\t\t\n\t\t\t\t\t\t\t\t\t\t\t\t<div class=\"lqd-fb-content-top\">\n\t\t\t\t\t\t\t<h6 class=\"mt-0 mb-0\">Intellectual and Industrial Property Law<\/h6>\n\t\t\t\t\t\t<\/div>\n\t\t\t\t\t\t\t\t\t\t\t\t\n\t\t\t\t\t\t<div class=\"lqd-fb-content-bottom\">\n\t\t\t\t\t\t\t\n\t\t\t\t\t\t\t\t\t\t\t\t\t\t\n\t\t\t\t\t\t\t\n\t\t\t\t\t\t\t\n\t\t\t\t\t\t\t\n\t\t\t\t\t\t<\/div>\n\n\t\t\t\t\t\t\t\t\t\t\t\t\n\t\t\t\t\t<\/div>\n\t\t\t\t<\/div>\n\n\t\t\t\t<\/div>\n\t\t\t \n\t\t<\/div>\n\t\t\t\t<\/div>\n\t\t\t\t<\/div>\n\t\t\t\t<div class=\"elementor-element elementor-element-63b50168 elementor-widget elementor-widget-hub_fancy_heading\" data-id=\"63b50168\" data-element_type=\"widget\" data-widget_type=\"hub_fancy_heading.default\">\n\t\t\t\t<div class=\"elementor-widget-container\">\n\t\t\t\n\t\t<div id=\"ld-fancy-heading-6a09bea232f9f\" class=\"ld-fancy-heading pos-rel\">\n\t\t\t<h3 class=\"ld-fh-element d-inline-block pos-rel  elementor-heading-title lqd-highlight-classic lqd-highlight-grow-left h3\"  > Intellectual and Industrial Property Law<\/h3>\t\t<\/div>\n\n\t\t\t\t<\/div>\n\t\t\t\t<\/div>\n\t\t\t\t<div class=\"elementor-element elementor-element-7de95145 elementor-widget elementor-widget-hub_fancy_heading\" data-id=\"7de95145\" data-element_type=\"widget\" data-widget_type=\"hub_fancy_heading.default\">\n\t\t\t\t<div class=\"elementor-widget-container\">\n\t\t\t\n\t\t<div id=\"ld-fancy-heading-6a09bea233750\" class=\"ld-fancy-heading pos-rel\">\n\t\t\t<p class=\"ld-fh-element d-inline-block pos-rel  lqd-highlight-classic lqd-highlight-grow-left p\"  > \u25cf Assignment, licensing, restructuring of intellectual and industrial rights, pledging them as a collateral or allocating them as capital<br><br>\n\u25cf Selection, utilization and protection of trademarks\nAssessments, legal analyses and researches regarding convenience of trademarks for which an application will be made by means of analysis of rival trademarks<br><br>\n\u25cf Preparation of trademark registration application files, making renewal requests, preparation of objections to trademark registration applications and\/or preparation of responses to objections<br><br>\n\u25cf Representation of clients by means of filing lawsuits and responding to lawsuits in the areas of trademark law, patent law, copyrights and author rights<br><br>\n\u25cf Drafting licence agreements, drafting and negotiating intellectual and industrial rights distributorship agreements, nondisclosure agreements, assignment agreements, guaranty contracts, software development and licence agreements<br><br>\n\u25cf Drafting producer, actor\/actress, artist, work and advertisement agreements, providing legal consultancy services regarding program production, television programs and advertising law<br><br>\n\u25cf Providing legal consultancy services regarding protection of computer systems, softwares and networks<br><br>\n\u25cf Detection of ownership of rights regarding works and softwares created by employed staff<br><br>\n\u25cf Assessment of intellectual and industrial rights violations regarding electronic commerce, search engines and website contents and taking legal action against them<\/p>\t\t<\/div>\n\n\t\t\t\t<\/div>\n\t\t\t\t<\/div>\n\t\t\t\t<div class=\"elementor-element elementor-element-231fa174 elementor-widget-divider--view-line elementor-widget elementor-widget-divider\" data-id=\"231fa174\" data-element_type=\"widget\" data-widget_type=\"divider.default\">\n\t\t\t\t<div class=\"elementor-widget-container\">\n\t\t\t<style>\/*! elementor - v3.19.0 - 07-02-2024 *\/\n.elementor-widget-divider{--divider-border-style:none;--divider-border-width:1px;--divider-color:#0c0d0e;--divider-icon-size:20px;--divider-element-spacing:10px;--divider-pattern-height:24px;--divider-pattern-size:20px;--divider-pattern-url:none;--divider-pattern-repeat:repeat-x}.elementor-widget-divider .elementor-divider{display:flex}.elementor-widget-divider .elementor-divider__text{font-size:15px;line-height:1;max-width:95%}.elementor-widget-divider .elementor-divider__element{margin:0 var(--divider-element-spacing);flex-shrink:0}.elementor-widget-divider .elementor-icon{font-size:var(--divider-icon-size)}.elementor-widget-divider .elementor-divider-separator{display:flex;margin:0;direction:ltr}.elementor-widget-divider--view-line_icon .elementor-divider-separator,.elementor-widget-divider--view-line_text .elementor-divider-separator{align-items:center}.elementor-widget-divider--view-line_icon .elementor-divider-separator:after,.elementor-widget-divider--view-line_icon .elementor-divider-separator:before,.elementor-widget-divider--view-line_text .elementor-divider-separator:after,.elementor-widget-divider--view-line_text .elementor-divider-separator:before{display:block;content:\"\";border-block-end:0;flex-grow:1;border-block-start:var(--divider-border-width) var(--divider-border-style) var(--divider-color)}.elementor-widget-divider--element-align-left .elementor-divider .elementor-divider-separator>.elementor-divider__svg:first-of-type{flex-grow:0;flex-shrink:100}.elementor-widget-divider--element-align-left .elementor-divider-separator:before{content:none}.elementor-widget-divider--element-align-left .elementor-divider__element{margin-left:0}.elementor-widget-divider--element-align-right .elementor-divider .elementor-divider-separator>.elementor-divider__svg:last-of-type{flex-grow:0;flex-shrink:100}.elementor-widget-divider--element-align-right .elementor-divider-separator:after{content:none}.elementor-widget-divider--element-align-right .elementor-divider__element{margin-right:0}.elementor-widget-divider--element-align-start .elementor-divider .elementor-divider-separator>.elementor-divider__svg:first-of-type{flex-grow:0;flex-shrink:100}.elementor-widget-divider--element-align-start .elementor-divider-separator:before{content:none}.elementor-widget-divider--element-align-start .elementor-divider__element{margin-inline-start:0}.elementor-widget-divider--element-align-end .elementor-divider .elementor-divider-separator>.elementor-divider__svg:last-of-type{flex-grow:0;flex-shrink:100}.elementor-widget-divider--element-align-end .elementor-divider-separator:after{content:none}.elementor-widget-divider--element-align-end .elementor-divider__element{margin-inline-end:0}.elementor-widget-divider:not(.elementor-widget-divider--view-line_text):not(.elementor-widget-divider--view-line_icon) .elementor-divider-separator{border-block-start:var(--divider-border-width) var(--divider-border-style) var(--divider-color)}.elementor-widget-divider--separator-type-pattern{--divider-border-style:none}.elementor-widget-divider--separator-type-pattern.elementor-widget-divider--view-line .elementor-divider-separator,.elementor-widget-divider--separator-type-pattern:not(.elementor-widget-divider--view-line) .elementor-divider-separator:after,.elementor-widget-divider--separator-type-pattern:not(.elementor-widget-divider--view-line) .elementor-divider-separator:before,.elementor-widget-divider--separator-type-pattern:not([class*=elementor-widget-divider--view]) .elementor-divider-separator{width:100%;min-height:var(--divider-pattern-height);-webkit-mask-size:var(--divider-pattern-size) 100%;mask-size:var(--divider-pattern-size) 100%;-webkit-mask-repeat:var(--divider-pattern-repeat);mask-repeat:var(--divider-pattern-repeat);background-color:var(--divider-color);-webkit-mask-image:var(--divider-pattern-url);mask-image:var(--divider-pattern-url)}.elementor-widget-divider--no-spacing{--divider-pattern-size:auto}.elementor-widget-divider--bg-round{--divider-pattern-repeat:round}.rtl .elementor-widget-divider .elementor-divider__text{direction:rtl}.e-con-inner>.elementor-widget-divider,.e-con>.elementor-widget-divider{width:var(--container-widget-width,100%);--flex-grow:var(--container-widget-flex-grow)}<\/style>\t\t<div class=\"elementor-divider\">\n\t\t\t<span class=\"elementor-divider-separator\">\n\t\t\t\t\t\t<\/span>\n\t\t<\/div>\n\t\t\t\t<\/div>\n\t\t\t\t<\/div>\n\t\t\t\t\t<\/div>\n\t\t<\/div>\n\t\t\t\t\t<\/div>\n\t\t<\/section>\n\t\t\t\t<\/div>\n\t\t","protected":false},"excerpt":{"rendered":"<p>Practice Areas Labour and Social Security Law Personal Data Protection Law Corporate and Commercial Law Contract Law Insurance and Compensation Law Intellectual and Industrial Property Law Real Estate Law Enforcement and Bankruptcy Law Criminal Law Incentive Legislation Phone: +90 544 304 6590 Intellectual and Industrial Property Law Intellectual and Industrial Property Law \u25cf Assignment, licensing, [&hellip;]<\/p>\n","protected":false},"author":1,"featured_media":0,"parent":0,"menu_order":0,"comment_status":"closed","ping_status":"closed","template":"","meta":{"footnotes":""},"class_list":["post-6814","page","type-page","status-publish","hentry"],"yoast_head":"<!-- This site is optimized with the Yoast SEO plugin v22.0 - https:\/\/yoast.com\/wordpress\/plugins\/seo\/ -->\n<title>Intellectual and Industrial Property Law - I\u015f\u0131k &amp; U\u00e7ar Law Office<\/title>\n<meta name=\"robots\" content=\"index, follow, max-snippet:-1, max-image-preview:large, max-video-preview:-1\" \/>\n<link rel=\"canonical\" href=\"https:\/\/www.isikucar.av.tr\/en\/intellectual-and-industrial-property-law\/\" \/>\n<meta property=\"og:locale\" content=\"tr_TR\" \/>\n<meta property=\"og:type\" content=\"article\" \/>\n<meta property=\"og:title\" content=\"Intellectual and Industrial Property Law - I\u015f\u0131k &amp; U\u00e7ar Law Office\" \/>\n<meta property=\"og:description\" content=\"Practice Areas Labour and Social Security Law Personal Data Protection Law Corporate and Commercial Law Contract Law Insurance and Compensation Law Intellectual and Industrial Property Law Real Estate Law Enforcement and Bankruptcy Law Criminal Law Incentive Legislation Phone: +90 544 304 6590 Intellectual and Industrial Property Law Intellectual and Industrial Property Law \u25cf Assignment, licensing, [&hellip;]\" \/>\n<meta property=\"og:url\" content=\"https:\/\/www.isikucar.av.tr\/en\/intellectual-and-industrial-property-law\/\" \/>\n<meta property=\"og:site_name\" content=\"I\u015f\u0131k &amp; U\u00e7ar Law Office\" \/>\n<meta property=\"article:modified_time\" content=\"2025-04-25T12:58:39+00:00\" \/>\n<meta property=\"og:image\" content=\"https:\/\/www.isikucar.av.tr\/en\/wp-content\/uploads\/2022\/12\/fikri.jpg\" \/>\n<meta name=\"twitter:card\" content=\"summary_large_image\" \/>\n<meta name=\"twitter:label1\" content=\"Tahmini okuma s\u00fcresi\" \/>\n\t<meta name=\"twitter:data1\" content=\"2 dakika\" \/>\n<script type=\"application\/ld+json\" class=\"yoast-schema-graph\">{\"@context\":\"https:\/\/schema.org\",\"@graph\":[{\"@type\":\"WebPage\",\"@id\":\"https:\/\/www.isikucar.av.tr\/en\/intellectual-and-industrial-property-law\/\",\"url\":\"https:\/\/www.isikucar.av.tr\/en\/intellectual-and-industrial-property-law\/\",\"name\":\"Intellectual and Industrial Property Law - I\u015f\u0131k &amp; U\u00e7ar Law Office\",\"isPartOf\":{\"@id\":\"https:\/\/www.isikucar.av.tr\/en\/#website\"},\"datePublished\":\"2022-06-10T12:08:57+00:00\",\"dateModified\":\"2025-04-25T12:58:39+00:00\",\"breadcrumb\":{\"@id\":\"https:\/\/www.isikucar.av.tr\/en\/intellectual-and-industrial-property-law\/#breadcrumb\"},\"inLanguage\":\"tr\",\"potentialAction\":[{\"@type\":\"ReadAction\",\"target\":[\"https:\/\/www.isikucar.av.tr\/en\/intellectual-and-industrial-property-law\/\"]}]},{\"@type\":\"BreadcrumbList\",\"@id\":\"https:\/\/www.isikucar.av.tr\/en\/intellectual-and-industrial-property-law\/#breadcrumb\",\"itemListElement\":[{\"@type\":\"ListItem\",\"position\":1,\"name\":\"Anasayfa\",\"item\":\"https:\/\/www.isikucar.av.tr\/en\/\"},{\"@type\":\"ListItem\",\"position\":2,\"name\":\"Intellectual and Industrial Property Law\"}]},{\"@type\":\"WebSite\",\"@id\":\"https:\/\/www.isikucar.av.tr\/en\/#website\",\"url\":\"https:\/\/www.isikucar.av.tr\/en\/\",\"name\":\"I\u015f\u0131k & U\u00e7ar Law Office\",\"description\":\"Law Office\",\"publisher\":{\"@id\":\"https:\/\/www.isikucar.av.tr\/en\/#organization\"},\"potentialAction\":[{\"@type\":\"SearchAction\",\"target\":{\"@type\":\"EntryPoint\",\"urlTemplate\":\"https:\/\/www.isikucar.av.tr\/en\/?s={search_term_string}\"},\"query-input\":\"required name=search_term_string\"}],\"inLanguage\":\"tr\"},{\"@type\":\"Organization\",\"@id\":\"https:\/\/www.isikucar.av.tr\/en\/#organization\",\"name\":\"I\u015f\u0131k & U\u00e7ar Law Office\",\"url\":\"https:\/\/www.isikucar.av.tr\/en\/\",\"logo\":{\"@type\":\"ImageObject\",\"inLanguage\":\"tr\",\"@id\":\"https:\/\/www.isikucar.av.tr\/en\/#\/schema\/logo\/image\/\",\"url\":\"https:\/\/www.isikucar.av.tr\/en\/wp-content\/uploads\/2022\/06\/IsikUcarLogo.png\",\"contentUrl\":\"https:\/\/www.isikucar.av.tr\/en\/wp-content\/uploads\/2022\/06\/IsikUcarLogo.png\",\"width\":255,\"height\":77,\"caption\":\"I\u015f\u0131k & U\u00e7ar Law Office\"},\"image\":{\"@id\":\"https:\/\/www.isikucar.av.tr\/en\/#\/schema\/logo\/image\/\"}}]}<\/script>\n<!-- \/ Yoast SEO plugin. -->","yoast_head_json":{"title":"Intellectual and Industrial Property Law - I\u015f\u0131k &amp; U\u00e7ar Law Office","robots":{"index":"index","follow":"follow","max-snippet":"max-snippet:-1","max-image-preview":"max-image-preview:large","max-video-preview":"max-video-preview:-1"},"canonical":"https:\/\/www.isikucar.av.tr\/en\/intellectual-and-industrial-property-law\/","og_locale":"tr_TR","og_type":"article","og_title":"Intellectual and Industrial Property Law - I\u015f\u0131k &amp; U\u00e7ar Law Office","og_description":"Practice Areas Labour and Social Security Law Personal Data Protection Law Corporate and Commercial Law Contract Law Insurance and Compensation Law Intellectual and Industrial Property Law Real Estate Law Enforcement and Bankruptcy Law Criminal Law Incentive Legislation Phone: +90 544 304 6590 Intellectual and Industrial Property Law Intellectual and Industrial Property Law \u25cf Assignment, licensing, [&hellip;]","og_url":"https:\/\/www.isikucar.av.tr\/en\/intellectual-and-industrial-property-law\/","og_site_name":"I\u015f\u0131k &amp; U\u00e7ar Law Office","article_modified_time":"2025-04-25T12:58:39+00:00","og_image":[{"url":"https:\/\/www.isikucar.av.tr\/en\/wp-content\/uploads\/2022\/12\/fikri.jpg"}],"twitter_card":"summary_large_image","twitter_misc":{"Tahmini okuma s\u00fcresi":"2 dakika"},"schema":{"@context":"https:\/\/schema.org","@graph":[{"@type":"WebPage","@id":"https:\/\/www.isikucar.av.tr\/en\/intellectual-and-industrial-property-law\/","url":"https:\/\/www.isikucar.av.tr\/en\/intellectual-and-industrial-property-law\/","name":"Intellectual and Industrial Property Law - I\u015f\u0131k &amp; U\u00e7ar Law Office","isPartOf":{"@id":"https:\/\/www.isikucar.av.tr\/en\/#website"},"datePublished":"2022-06-10T12:08:57+00:00","dateModified":"2025-04-25T12:58:39+00:00","breadcrumb":{"@id":"https:\/\/www.isikucar.av.tr\/en\/intellectual-and-industrial-property-law\/#breadcrumb"},"inLanguage":"tr","potentialAction":[{"@type":"ReadAction","target":["https:\/\/www.isikucar.av.tr\/en\/intellectual-and-industrial-property-law\/"]}]},{"@type":"BreadcrumbList","@id":"https:\/\/www.isikucar.av.tr\/en\/intellectual-and-industrial-property-law\/#breadcrumb","itemListElement":[{"@type":"ListItem","position":1,"name":"Anasayfa","item":"https:\/\/www.isikucar.av.tr\/en\/"},{"@type":"ListItem","position":2,"name":"Intellectual and Industrial Property Law"}]},{"@type":"WebSite","@id":"https:\/\/www.isikucar.av.tr\/en\/#website","url":"https:\/\/www.isikucar.av.tr\/en\/","name":"I\u015f\u0131k & U\u00e7ar Law Office","description":"Law Office","publisher":{"@id":"https:\/\/www.isikucar.av.tr\/en\/#organization"},"potentialAction":[{"@type":"SearchAction","target":{"@type":"EntryPoint","urlTemplate":"https:\/\/www.isikucar.av.tr\/en\/?s={search_term_string}"},"query-input":"required name=search_term_string"}],"inLanguage":"tr"},{"@type":"Organization","@id":"https:\/\/www.isikucar.av.tr\/en\/#organization","name":"I\u015f\u0131k & U\u00e7ar Law Office","url":"https:\/\/www.isikucar.av.tr\/en\/","logo":{"@type":"ImageObject","inLanguage":"tr","@id":"https:\/\/www.isikucar.av.tr\/en\/#\/schema\/logo\/image\/","url":"https:\/\/www.isikucar.av.tr\/en\/wp-content\/uploads\/2022\/06\/IsikUcarLogo.png","contentUrl":"https:\/\/www.isikucar.av.tr\/en\/wp-content\/uploads\/2022\/06\/IsikUcarLogo.png","width":255,"height":77,"caption":"I\u015f\u0131k & U\u00e7ar Law Office"},"image":{"@id":"https:\/\/www.isikucar.av.tr\/en\/#\/schema\/logo\/image\/"}}]}},"_links":{"self":[{"href":"https:\/\/www.isikucar.av.tr\/en\/wp-json\/wp\/v2\/pages\/6814","targetHints":{"allow":["GET"]}}],"collection":[{"href":"https:\/\/www.isikucar.av.tr\/en\/wp-json\/wp\/v2\/pages"}],"about":[{"href":"https:\/\/www.isikucar.av.tr\/en\/wp-json\/wp\/v2\/types\/page"}],"author":[{"embeddable":true,"href":"https:\/\/www.isikucar.av.tr\/en\/wp-json\/wp\/v2\/users\/1"}],"replies":[{"embeddable":true,"href":"https:\/\/www.isikucar.av.tr\/en\/wp-json\/wp\/v2\/comments?post=6814"}],"version-history":[{"count":12,"href":"https:\/\/www.isikucar.av.tr\/en\/wp-json\/wp\/v2\/pages\/6814\/revisions"}],"predecessor-version":[{"id":7660,"href":"https:\/\/www.isikucar.av.tr\/en\/wp-json\/wp\/v2\/pages\/6814\/revisions\/7660"}],"wp:attachment":[{"href":"https:\/\/www.isikucar.av.tr\/en\/wp-json\/wp\/v2\/media?parent=6814"}],"curies":[{"name":"wp","href":"https:\/\/api.w.org\/{rel}","templated":true}]}}